{"id":182,"date":"2025-11-15T20:20:06","date_gmt":"2025-11-15T19:20:06","guid":{"rendered":"https:\/\/pascaleaccoyer.com\/course\/"},"modified":"2025-11-30T20:22:08","modified_gmt":"2025-11-30T19:22:08","slug":"course","status":"publish","type":"page","link":"https:\/\/pascaleaccoyer.com\/en\/course\/","title":{"rendered":"Course"},"content":{"rendered":"\n<h1>\n\t\t\tFormations &#8211; Conf\u00e9rences &#8211; Recherches\t<\/h1>\n<h2>\n\t\t\tParcours\t<\/h2>\n\t<p>Dipl\u00f4m\u00e9e d&#8217;\u00e9tudes sup\u00e9rieures en conservation et restauration d&#8217;\u0153uvres peintes, par l&#8217;\u00c9cole Sup\u00e9rieure d&#8217;Art d&#8217;Avignon, et habilit\u00e9e par la direction des Mus\u00e9es de France, ma carri\u00e8re de conservatrice-restauratrice d&#8217;\u0153uvres peintes a d\u00e9but\u00e9 au Stedelijk Museum d&#8217;Amsterdam d\u00e8s 2003. Puis ma sp\u00e9cialisation d\u00e9di\u00e9e aux \u0153uvres modernes et contemporaines s&#8217;est \u00e9toff\u00e9e, en France, depuis 2004.<\/p>\n<p>Je travaille en lib\u00e9ral et r\u00e9ponds aux besoins de conservation-restauration n\u00e9cessaires aux \u0153uvres appartenant aux collectionneurs priv\u00e9s, aux mus\u00e9es, aux fondations ou aux artistes.<\/p>\n<p>R\u00e9guli\u00e8rement sollicit\u00e9e par le MNAM Centre Pompidou depuis 2005 pour ses \u0153uvres peintes, je m\u00e8ne des interventions de conservation-restauration mais aussi des op\u00e9rations de constats d&#8217;\u00e9tat. Ainsi plusieurs chantiers sur des \u0153uvres peintes de grands et tr\u00e8s grands formats (Pablo Picasso, Robert Delaunay, Herv\u00e9 Di Rosa, G\u00e9rard Fromanger, etc) m&#8217;ont \u00e9t\u00e9 confi\u00e9s.<\/p>\n<p>Professeure pour les techniques de la peinture \u00e0 l&#8217;\u00c9cole Nationale Sup\u00e9rieure des beaux-arts de Paris depuis 2011, je c\u00f4toie et conseille des artistes \u00e0 la fois \u00e9mergents ou confirm\u00e9s. J&#8217;ai aussi \u00e0 c\u0153ur d&#8217;enseigner \u00e9galement \u00e0 la Sorbonne et d&#8217;intervenir dans des colloques et conf\u00e9rences.<\/p>\n<p>Ces diff\u00e9rentes exp\u00e9riences d\u00e9di\u00e9es aux \u0153uvres du XXe et du XXIe si\u00e8cles me conduisent parfois aussi \u00e0 m&#8217;associer avec des cons\u0153urs et confr\u00e8res avec lesquels nous menons de concert des projets d&#8217;ampleur.<\/p>\n<p>Former les \u00e9quipes, g\u00e9rer les plannings, organiser les diff\u00e9rentes \u00e9tapes de la conservation-restauration s&#8217;ajoutent aussi \u00e0 mes comp\u00e9tences. Je suis ainsi mandataire depuis plusieurs ann\u00e9es de groupements dont certains de grande ampleur &#8211; notamment pour le centre Pompidou avec une \u00e9quipe de 38 conservateurs-restaurateurs multi-sp\u00e9cialit\u00e9s pour les op\u00e9rations de constats d&#8217;\u00e9tat, maintenances des collections et des expositions temporaires, convoiement ou encore le Mus\u00e9e national Picasso-Paris pour la conservation-restauration, la veille sanitaire, les convoiements des \u0153uvres peintes.<\/p>\n<h3>\n\t\t\tEn r\u00e9sum\u00e9\t<\/h3>\n<figure itemscope itemtype=\"https:\/\/schema.org\/ImageObject\">\n\t\t\t\t<img decoding=\"async\" src=\"https:\/\/pascaleaccoyer.com\/wp-content\/uploads\/2025\/11\/Pascale-Accoyer-restauration-conservation.jpg\" alt=\"Pascale-Accoyer-restauration-conservation\" height=\"759\" width=\"692\" title=\"Pascale-Accoyer-restauration-conservation\" onerror=\"this.style.display='none'\" loading=\"lazy\" \/>\n\t\t\t\t\t\t\n\t<\/figure>\n\t<p>Depuis 2004 &#8211; Conservateur-restaurateur d&#8217;\u0153uvres peintes, en lib\u00e9ral.<\/p>\n<p>De 2003 \u00e0 2004 &#8211; Restaurateur au Stedelijk Museum d&#8217;Amsterdam (Pays-Bas) dans le cadre de la mise en place de la base de donn\u00e9es Adlib &#8211; Axiell Collections (logiciel de gestion de collections).<\/p>\n<h3>\n\t\t\tDiplomes et formations\t<\/h3>\n\t<table>\n<tbody>\n<tr>\n<td>2003<\/td>\n<td>\n<strong>Dipl\u00f4m\u00e9e d&#8217;\u00e9tudes sup\u00e9rieures en conservation et restauration d&#8217;\u0153uvres peintes<\/strong>, avec les f\u00e9licitations du jury.<br \/>\n<em>\u00c9cole Sup\u00e9rieure d&#8217;Art d&#8217;Avignon<\/em>\n<\/td>\n<\/tr>\n<tr>\n<td>2018<\/td>\n<td>\n<strong>\u00ab Pr\u00e9sentations th\u00e9oriques sur l&#8217;utilisation des nanos-mat\u00e9riaux en conservation-restauration des biens culturels \u00bb<\/strong><br \/>\n<em>Mus\u00e9e du quai Branly<\/em>\n<strong>\u00ab La restauration des \u0153uvres d&#8217;art et le droit \u00bb<\/strong><br \/>\n<em>Institut Art &amp; Droit &#8211; INHA<\/em>\n<\/td>\n<\/tr>\n<tr>\n<td>2016<\/td>\n<td>\n<strong>\u00ab Mat\u00e9riaux et m\u00e9thodes pour le nettoyage des peintures : solutions, gels et \u00e9mulsions \u00bb<\/strong><br \/>\n<em>Institut National du Patrimoine (INP)<\/em>\n<strong>\u00ab Les march\u00e9s publics de restauration : enjeux d&#8217;un dialogue entre les acteurs \u00bb<\/strong><br \/>\n<em>AFROA &#8211; INHA<\/em>\n<strong>\u00ab Montage, d\u00e9montage et v\u00e9rification d&#8217;\u00e9chafaudages roulants \u00bb<\/strong><br \/>\n<em>Top \u00c9l\u00e9vation &#8211; Atelier ETC<\/em>\n<\/td>\n<\/tr>\n<tr>\n<td>2015<\/td>\n<td>\n<strong>\u00ab Programme modulaire : nettoyage des polychromies, m\u00e9thodes aqueuses MCP \u00bb<\/strong><br \/>\n<em>Institut National du Patrimoine (INP)<\/em>\n<\/td>\n<\/tr>\n<tr>\n<td>2010<\/td>\n<td>\n<strong>\u00ab Who cares 2 \u00bb<\/strong><br \/>\n<em>Tropen Museum, Amsterdam<\/em>\n<\/td>\n<\/tr>\n<tr>\n<td>2007<\/td>\n<td>\n<strong>\u00ab Vernis traditionnels, stabilisants et r\u00e9sines synth\u00e9tiques : stabilit\u00e9 et propri\u00e9t\u00e9s optiques \u00bb<\/strong><br \/>\n<em>C2RMF<\/em>\n<\/td>\n<\/tr>\n<\/tbody>\n<\/table>\n<h3>\n\t\t\tInterventions &#8211; conf\u00e9rences\t<\/h3>\n\t<table>\n<tbody>\n<tr>\n<td>2019<\/td>\n<td><strong>Journ\u00e9e d&#8217;\u00e9tudes sur les march\u00e9s en conservation-restauration<\/strong> :<br \/>\nDe la conception \u00e0 l&#8217;ex\u00e9cution, retours d&#8217;exp\u00e9rience.<br \/>\nVers un vade-mecum de bonnes pratiques.<br \/>\nL&#8217;exemple du march\u00e9 de d\u00e9poussi\u00e9rage, entretien, surveillance et constats d&#8217;\u00e9tat des \u0153uvres du Centre Pompidou.<br \/>\n<em>Centre Pompidou<\/em><\/td>\n<\/tr>\n<tr>\n<td>2018<\/td>\n<td><strong>Conf\u00e9rence \u00ab Restaurer le chef-d&#8217;\u0153uvre \u00bb<\/strong> :<br \/>\nautour de la restauration des \u0153uvres *Femmes \u00e0 leur toilette* (Mus\u00e9e national Picasso-Paris)<br \/>\net *Science et Charit\u00e9* (Museu Picasso Barcelona).<br \/>\n<em>Mus\u00e9e national Picasso-Paris<\/em><\/td>\n<\/tr>\n<tr>\n<td>2006<\/td>\n<td><strong>Conf\u00e9rence \u00ab Les relations juridiques entre le restaurateur, le propri\u00e9taire de l&#8217;\u0153uvre et l&#8217;artiste \u00bb<\/strong>,<br \/>\ndans le cadre d&#8217;un cycle consacr\u00e9 \u00e0 la conservation-restauration de l&#8217;art contemporain.<br \/>\n<em>Fondation Cartier pour l&#8217;art contemporain<\/em><\/td>\n<\/tr>\n<\/tbody>\n<\/table>\n<h3>\n\t\t\tRecherches\t<\/h3>\n\t<table>\n<tbody>\n<tr>\n<td>2015<\/td>\n<td><strong>Collaboration avec Jacques Monory et son \u00e9pouse<\/strong>,<br \/>\ndans le cadre de l&#8217;exposition *Monory* au Fonds H\u00e9l\u00e8ne et Edouard Leclerc \u00e0 Landerneau.<br \/>\n<em>Fonds H\u00e9l\u00e8ne &amp; Edouard Leclerc, Landerneau<\/em><\/td>\n<\/tr>\n<tr>\n<td>2014<\/td>\n<td><strong>\u00c9tude pour la mise au point d&#8217;un m\u00e9dium d&#8217;emp\u00e2tement<\/strong><br \/>\npermettant d&#8217;obtenir une peinture \u00e0 l&#8217;huile en \u00e9paisseur, en une passe, s\u00e9chant \u00e0 c\u0153ur tout en conservant la trace du pinceau,<br \/>\nen collaboration avec le service Recherche &amp; D\u00e9veloppement du fabricant Colart.<br \/>\n<em>Laboratoires R&amp;D Colart<\/em><\/td>\n<\/tr>\n<tr>\n<td>2013<\/td>\n<td><strong>\u00c9tude de faisabilit\u00e9 et d\u00e9veloppement d&#8217;une nouvelle gamme de pigments \u00ab bio \u00bb<\/strong><br \/>\navant introduction sur le march\u00e9 en 2016.<br \/>\nEssais pour couleurs \u00e0 l&#8217;huile, aquarelle, cas\u00e9ine, acryliques, vinyles, chaux et pastels.<br \/>\n<em>Pascale Accoyer<\/em>\n<hr \/>\n<strong>Conseils pour la mise en \u0153uvre de la peinture sur verre<\/strong> :<br \/>\nmaintien des fils de plomb, choix des pigments, vernis et r\u00e9sines,<br \/>\ndans le cadre d&#8217;un workshop anim\u00e9 par Pascal Goblot visant \u00e0 la fabrication d&#8217;une r\u00e9plique \u00e0 l&#8217;\u00e9chelle 1\/1 du<br \/>\n*Grand Verre* de Marcel Duchamp.<br \/>\n<em>ENSBA &#8211; \u00c9cole Nationale Sup\u00e9rieure des Beaux-Arts de Paris<\/em><\/td>\n<\/tr>\n<\/tbody>\n<\/table>\n<figure itemscope itemtype=\"https:\/\/schema.org\/ImageObject\">\n\t\t\t\t<img decoding=\"async\" src=\"https:\/\/pascaleaccoyer.com\/wp-content\/uploads\/2025\/11\/Etude-faisabilite-pigments.jpg\" alt=\"Etude-faisabilite-pigments\" height=\"669\" width=\"1440\" title=\"Etude-faisabilite-pigments\" onerror=\"this.style.display='none'\" loading=\"lazy\" \/>\n\t<\/figure>\n\n","protected":false},"excerpt":{"rendered":"<p>Formations &#8211; Conf\u00e9rences &#8211; Recherches Parcours Dipl\u00f4m\u00e9e d&#8217;\u00e9tudes sup\u00e9rieures en conservation et restauration d&#8217;\u0153uvres peintes, par l&#8217;\u00c9cole Sup\u00e9rieure d&#8217;Art d&#8217;Avignon, et habilit\u00e9e par la direction des Mus\u00e9es de France, ma carri\u00e8re de conservatrice-restauratrice d&#8217;\u0153uvres peintes a d\u00e9but\u00e9 au Stedelijk Museum d&#8217;Amsterdam d\u00e8s 2003. Puis ma sp\u00e9cialisation d\u00e9di\u00e9e aux \u0153uvres modernes et contemporaines s&#8217;est \u00e9toff\u00e9e, en &#8230; <a title=\"Course\" class=\"read-more\" href=\"https:\/\/pascaleaccoyer.com\/en\/course\/\" aria-label=\"Read more about Course\">Read more<\/a><\/p>\n","protected":false},"author":1,"featured_media":0,"parent":0,"menu_order":0,"comment_status":"closed","ping_status":"closed","template":"","meta":{"footnotes":""},"class_list":["post-182","page","type-page","status-publish"],"_links":{"self":[{"href":"https:\/\/pascaleaccoyer.com\/en\/wp-json\/wp\/v2\/pages\/182","targetHints":{"allow":["GET"]}}],"collection":[{"href":"https:\/\/pascaleaccoyer.com\/en\/wp-json\/wp\/v2\/pages"}],"about":[{"href":"https:\/\/pascaleaccoyer.com\/en\/wp-json\/wp\/v2\/types\/page"}],"author":[{"embeddable":true,"href":"https:\/\/pascaleaccoyer.com\/en\/wp-json\/wp\/v2\/users\/1"}],"replies":[{"embeddable":true,"href":"https:\/\/pascaleaccoyer.com\/en\/wp-json\/wp\/v2\/comments?post=182"}],"version-history":[{"count":0,"href":"https:\/\/pascaleaccoyer.com\/en\/wp-json\/wp\/v2\/pages\/182\/revisions"}],"wp:attachment":[{"href":"https:\/\/pascaleaccoyer.com\/en\/wp-json\/wp\/v2\/media?parent=182"}],"curies":[{"name":"wp","href":"https:\/\/api.w.org\/{rel}","templated":true}]}}