{"id":189,"date":"2025-11-16T14:09:52","date_gmt":"2025-11-16T13:09:52","guid":{"rendered":"https:\/\/pascaleaccoyer.com\/definitions\/"},"modified":"2025-12-31T15:33:23","modified_gmt":"2025-12-31T14:33:23","slug":"definitions","status":"publish","type":"page","link":"https:\/\/pascaleaccoyer.com\/en\/definitions\/","title":{"rendered":"Definitions"},"content":{"rendered":"\n<h1>\n\t\t\tUn savoir-faire\t<\/h1>\n<h1>\n\t\t\tDes comp\u00e9tences\t<\/h1>\n<h2>\n\t\t\tD\u00e9finitions\t<\/h2>\n\t<p>La conservation-restauration regroupe trois domaines : la conservation pr\u00e9ventive, la conservation curative et la restauration.<\/p>\n<h3>\n\t\t\tLa Conservation pr\u00e9ventive\t<\/h3>\n\t<p>Elle consiste en une action indirecte sur un bien culturel. Elle agit sur les causes de la d\u00e9gradation, afin de retarder, par un ensemble de mesures, toute d\u00e9t\u00e9rioration ou de pr\u00e9venir les risques d&#8217;alt\u00e9ration en cr\u00e9ant les conditions optimales lors de la manipulation, l&#8217;utilisation, le transport, le conditionnement, le stockage et l&#8217;exposition des biens culturels.<\/p>\n<figure itemscope itemtype=\"https:\/\/schema.org\/ImageObject\">\n\t\t\t\t<img decoding=\"async\" src=\"https:\/\/dev.pascaleaccoyer.com\/wp-content\/uploads\/2025\/11\/conservation-preventive.jpg\" alt=\"conservation-preventive\" height=\"950\" width=\"1440\" title=\"conservation-preventive\" onerror=\"this.style.display='none'\" loading=\"lazy\" \/>\n\t<\/figure>\n<h3>\n\t\t\tLa Conservation curative\t<\/h3>\n\t<p>Elle consiste en une action directe sur un bien culturel. Elle agit sur les effets de la d\u00e9gradation, et est obligatoire dans l&#8217;hypoth\u00e8se o\u00f9 l&#8217;objet voit son int\u00e9grit\u00e9 menac\u00e9e. Elle a pour but de stopper un dommage en cours.<\/p>\n<figure itemscope itemtype=\"https:\/\/schema.org\/ImageObject\">\n\t\t\t\t<img decoding=\"async\" src=\"https:\/\/dev.pascaleaccoyer.com\/wp-content\/uploads\/2025\/11\/conservation-curative.jpg\" alt=\"conservation-curative\" height=\"925\" width=\"1440\" title=\"conservation-curative\" onerror=\"this.style.display='none'\" loading=\"lazy\" \/>\n\t<\/figure>\n<h3>\n\t\t\tLa restauration\t<\/h3>\n\tElle consiste en une intervention directe sur l&#8217;\u0153uvre afin de restituer ou faciliter sa lisibilit\u00e9.<br \/>\nCette action s&#8217;effectue dans le respect de l&#8217;int\u00e9grit\u00e9 esth\u00e9tique, historique et physique de l&#8217;objet. Elle est parfois consid\u00e9r\u00e9e comme facultative.\n\n","protected":false},"excerpt":{"rendered":"<p>Un savoir-faire Des comp\u00e9tences D\u00e9finitions La conservation-restauration regroupe trois domaines : la conservation pr\u00e9ventive, la conservation curative et la restauration. La Conservation pr\u00e9ventive Elle consiste en une action indirecte sur un bien culturel. Elle agit sur les causes de la d\u00e9gradation, afin de retarder, par un ensemble de mesures, toute d\u00e9t\u00e9rioration ou de pr\u00e9venir les &#8230; <a title=\"Definitions\" class=\"read-more\" href=\"https:\/\/pascaleaccoyer.com\/en\/definitions\/\" aria-label=\"Read more about Definitions\">Read more<\/a><\/p>\n","protected":false},"author":1,"featured_media":0,"parent":0,"menu_order":0,"comment_status":"closed","ping_status":"closed","template":"","meta":{"footnotes":""},"class_list":["post-189","page","type-page","status-publish"],"_links":{"self":[{"href":"https:\/\/pascaleaccoyer.com\/en\/wp-json\/wp\/v2\/pages\/189","targetHints":{"allow":["GET"]}}],"collection":[{"href":"https:\/\/pascaleaccoyer.com\/en\/wp-json\/wp\/v2\/pages"}],"about":[{"href":"https:\/\/pascaleaccoyer.com\/en\/wp-json\/wp\/v2\/types\/page"}],"author":[{"embeddable":true,"href":"https:\/\/pascaleaccoyer.com\/en\/wp-json\/wp\/v2\/users\/1"}],"replies":[{"embeddable":true,"href":"https:\/\/pascaleaccoyer.com\/en\/wp-json\/wp\/v2\/comments?post=189"}],"version-history":[{"count":1,"href":"https:\/\/pascaleaccoyer.com\/en\/wp-json\/wp\/v2\/pages\/189\/revisions"}],"predecessor-version":[{"id":308,"href":"https:\/\/pascaleaccoyer.com\/en\/wp-json\/wp\/v2\/pages\/189\/revisions\/308"}],"wp:attachment":[{"href":"https:\/\/pascaleaccoyer.com\/en\/wp-json\/wp\/v2\/media?parent=189"}],"curies":[{"name":"wp","href":"https:\/\/api.w.org\/{rel}","templated":true}]}}