{"id":192,"date":"2025-11-15T17:30:56","date_gmt":"2025-11-15T16:30:56","guid":{"rendered":"https:\/\/pascaleaccoyer.com\/references\/"},"modified":"2025-12-31T13:47:59","modified_gmt":"2025-12-31T12:47:59","slug":"references","status":"publish","type":"page","link":"https:\/\/pascaleaccoyer.com\/en\/references\/","title":{"rendered":"References"},"content":{"rendered":"\n<h1>\n\t\t\tUne client\u00e8le en France et \u00e0 l&#8217;\u00e9tranger\t<\/h1>\n<h2>\n\t\t\tR\u00e9f\u00e9rences\t<\/h2>\n\t<p>Mes comp\u00e9tences ont d\u00e9j\u00e0 \u00e9t\u00e9 sollicit\u00e9es par\/pour :<\/p>\n<h3>\n\t\t\tInstitutions publiques et priv\u00e9es\t<\/h3>\n<h2>\n\t\t\t\u00c0 Paris &#038; en Ile-de-France\t<\/h2>\n  <a href=\"https:\/\/www.monuments-nationaux.fr\/\" target=\"_blank\" rel=\"noopener noreferrer\">Centre des Monuments Nationaux (CMN)<\/a>\n  <a href=\"http:\/\/www.cnap.fr\/navigation\/collection\/presentation-de-la-collection\/histoire-du-fonds-national-dart-contemporain\" target=\"_blank\" rel=\"noopener noreferrer\">Centre National des Arts Plastiques (CNAP)<\/a>\n  <a href=\"https:\/\/www.fondationcartier.com\/\" target=\"_blank\" rel=\"noopener noreferrer\">Fondation Cartier pour l&#8217;Art Contemporain<\/a>\n  <a href=\"http:\/\/fmac.paris.fr\" target=\"_blank\" rel=\"noopener noreferrer\">Fonds d&#8217;Art Contemporain de la ville de Paris &#8211; Paris Collection<\/a>\n  <a href=\"https:\/\/www.perrotin.com\/fr\" target=\"_blank\" rel=\"noopener noreferrer\">Galerie Emmanuel Perrotin<\/a>\n  <a href=\"https:\/\/gagosian.com\/locations\/paris\/\" target=\"_blank\" rel=\"noopener noreferrer\">Galerie Gagosian<\/a>\n  <a href=\"https:\/\/jeannebucherjaeger.com\/fr\/\" target=\"_blank\" rel=\"noopener noreferrer\">Galerie Jeanne Bucher Jaeger<\/a>\n  <a href=\"https:\/\/www.loreal.fr\/research-and-innovation\" target=\"_blank\" rel=\"noopener noreferrer\">L&#8217;Or\u00e9al<\/a>\n  <a href=\"http:\/\/www.lacontemporaine.fr\/\" target=\"_blank\" rel=\"noopener noreferrer\">La biblioth\u00e8que de documentation internationale contemporaine (BDIC) &#8211; La Contemporaine<\/a>\n  <a href=\"http:\/\/www.104.fr\/\" target=\"_blank\" rel=\"noopener noreferrer\">Le CENTQUATRE-Paris<\/a>\n  <a href=\"http:\/\/www.maisondebalzac.paris.fr\/\" target=\"_blank\" rel=\"noopener noreferrer\">Maison de Balzac<\/a>\n  <a href=\"http:\/\/www.maisonsvictorhugo.paris.fr\/fr\" target=\"_blank\" rel=\"noopener noreferrer\">Maison de Victor Hugo Paris<\/a>\n  <a href=\"https:\/\/www.diplomatie.gouv.fr\/fr\/le-ministere-et-son-reseau\/decouvrir-le-ministere-histoire-terminologie\/patrimoine-historique-du-quai-d-orsay\/\" target=\"_blank\" rel=\"noopener noreferrer\">Minist\u00e8re de l&#8217;Europe et des Affaires \u00e9trang\u00e8res<\/a>\n  <a href=\"https:\/\/www.education.gouv.fr\/\" target=\"_blank\" rel=\"noopener noreferrer\">Minist\u00e8re de l&#8217;\u00c9ducation Nationale et de la Jeunesse<\/a>\n  <a href=\"https:\/\/www.centrepompidou.fr\/\" target=\"_blank\" rel=\"noopener noreferrer\">MNAM-Centre Georges Pompidou<\/a>\n  <a href=\"http:\/\/www.carnavalet.paris.fr\/\" target=\"_blank\" rel=\"noopener noreferrer\">Mus\u00e9e Carnavalet<\/a>\n  <a href=\"http:\/\/www.cernuschi.paris.fr\/\" target=\"_blank\" rel=\"noopener noreferrer\">Mus\u00e9e Cernuschi<\/a>\n  <a href=\"https:\/\/www.musee-armee.fr\" target=\"_blank\" rel=\"noopener noreferrer\">Mus\u00e9e de l&#8217;Arm\u00e9e<\/a>\n  <a href=\"http:\/\/museevieromantique.paris.fr\/fr\" target=\"_blank\" rel=\"noopener noreferrer\">Mus\u00e9e de la Vie Romantique<\/a>\n  <a href=\"http:\/\/www.quaibranly.fr\/fr\/\" target=\"_blank\" rel=\"noopener noreferrer\">Mus\u00e9e du quai Branly &#8211; Jacques Chirac<\/a>\n  <a href=\"http:\/\/www.musee-delacroix.fr\/fr\/\" target=\"_blank\" rel=\"noopener noreferrer\">Mus\u00e9e national Eug\u00e8ne-Delacroix<\/a>\n  <a href=\"http:\/\/www.museepicassoparis.fr\/\" target=\"_blank\" rel=\"noopener noreferrer\">Mus\u00e9e national Picasso-Paris<\/a>\n  <a href=\"http:\/\/www.palais-portedoree.fr\/fr\" target=\"_blank\" rel=\"noopener noreferrer\">Palais de la Porte Dor\u00e9e<\/a>\n  <a href=\"http:\/\/www.palaisgalliera.paris.fr\/fr\" target=\"_blank\" rel=\"noopener noreferrer\">Palais Galliera, mus\u00e9e de la Mode de la Ville de Paris<\/a>\n  <a href=\"http:\/\/www.petitpalais.paris.fr\/\" target=\"_blank\" rel=\"noopener noreferrer\">Petit Palais &#8211; Mus\u00e9e des Beaux Arts de la Ville de Paris<\/a>\n  <a href=\"https:\/\/www.rmngp.fr\/\" target=\"_blank\" rel=\"noopener noreferrer\">R\u00e9union des mus\u00e9es nationaux &#8211; Grand Palais<\/a>\n  <a href=\"https:\/\/www.pantheonsorbonne.fr\/universite\" target=\"_blank\" rel=\"noopener noreferrer\">Universit\u00e9 Paris 1 &#8211; Panth\u00e9on-Sorbonne<\/a>\n<h2>\n\t\t\tEn r\u00e9gion\t<\/h2>\n    <a href=\"https:\/\/www.carreartmusee.com\/\" target=\"_blank\" rel=\"noopener noreferrer\">Carr\u00e9 d&#8217;art &#8211; Mus\u00e9e d&#8217;art contemporain (N\u00eemes)<\/a>\n    <a href=\"https:\/\/www.centrepompidou-metz.fr\/\" target=\"_blank\" rel=\"noopener noreferrer\">Centre Pompidou-Metz (Metz)<\/a>\n    <a href=\"http:\/\/collectionlambert.com\/\" target=\"_blank\" rel=\"noopener noreferrer\">Collection Lambert, mus\u00e9e d&#8217;art contemporain (Avignon)<\/a>\n    <a href=\"https:\/\/www.auvergnerhonealpes.fr\/\" target=\"_blank\" rel=\"noopener noreferrer\">Conseil R\u00e9gional d&#8217;Auvergne (Clermont-Ferrand)<\/a>\n    <a href=\"https:\/\/fondation.laciteduvin.com\/fr\" target=\"_blank\" rel=\"noopener noreferrer\">Fondation pour la culture et les civilisations du vin (Bordeaux)<\/a>\n    <a href=\"https:\/\/www.fondationvasarely.org\/\" target=\"_blank\" rel=\"noopener noreferrer\">Fondation Vasarely (Aix-en-Provence)<\/a>\n    <a href=\"http:\/\/www.fondation-vincentvangogh-arles.org\/\" target=\"_blank\" rel=\"noopener noreferrer\">Fondation Vincent van Gogh (Arles)<\/a>\n    <a href=\"https:\/\/www.fonds-culturel-leclerc.fr\/\" target=\"_blank\" rel=\"noopener noreferrer\">Fonds H\u00e9l\u00e8ne et \u00c9douard Leclerc pour la Culture (Landerneau)<\/a>\n    <a href=\"https:\/\/www.frac-auvergne.fr\/\" target=\"_blank\" rel=\"noopener noreferrer\">Fonds r\u00e9gional d&#8217;art contemporain Auvergne (Frac Auvergne) (Clermont-Ferrand)<\/a>\n    <a href=\"http:\/\/fracreunion.fr\/programmation\" target=\"_blank\" rel=\"noopener noreferrer\">Fonds r\u00e9gional d&#8217;art contemporain de la R\u00e9union (Frac R\u00e9union) (Piton Saint-Leu)<\/a>\n    <a href=\"http:\/\/www.fracnpdc.fr\/\" target=\"_blank\" rel=\"noopener noreferrer\">Fonds r\u00e9gional d&#8217;art contemporain Nord-Pas-de-Calais (Frac Nord-Pas-de-Calais)<\/a>\n    <a href=\"http:\/\/i-ac.eu\/fr\" target=\"_blank\" rel=\"noopener noreferrer\">Institut d&#8217;Art Contemporain (iAC) &#8211; Fonds r\u00e9gional d&#8217;art contemporain Rh\u00f4ne-Alpes (Frac Rh\u00f4ne-Alpes) (Villeurbanne)<\/a>\n    <a href=\"https:\/\/www.roubaix-lapiscine.com\/\" target=\"_blank\" rel=\"noopener noreferrer\">La Piscine &#8211; Mus\u00e9e d&#8217;Art et d&#8217;Industrie Andr\u00e9 Diligent (Roubaix)<\/a>\n    <a href=\"https:\/\/www.lesabattoirs.org\/\" target=\"_blank\" rel=\"noopener noreferrer\">Les Abattoirs &#8211; Mus\u00e9e &#8211; Fonds r\u00e9gional d&#8217;art contemporain Occitanie (Frac Occitanie) (Toulouse)<\/a>\n    <a href=\"http:\/\/www.muma-lehavre.fr\/\" target=\"_blank\" rel=\"noopener noreferrer\">Mus\u00e9e d&#8217;art moderne Andr\u00e9 Malraux (MuMa) (Le Havre)<\/a>\n    <a href=\"https:\/\/museedartsdenantes.nantesmetropole.fr\/home.html\" target=\"_blank\" rel=\"noopener noreferrer\">Mus\u00e9e d&#8217;arts de Nantes (Nantes)<\/a>\n    <a href=\"http:\/\/www.ville-soissons.fr\/loisirs-culture-sport\/le-musee-de-soissons-514.html\" target=\"_blank\" rel=\"noopener noreferrer\">Mus\u00e9e de Soissons (Soissons)<\/a>\n    <a href=\"https:\/\/museematisse.fr\/\" target=\"_blank\" rel=\"noopener noreferrer\">Mus\u00e9e d\u00e9partemental Matisse (Le Cateau-Cambresis)<\/a>\n    <a href=\"https:\/\/www.augustins.org\/fr\" target=\"_blank\" rel=\"noopener noreferrer\">Mus\u00e9e des Augustins &#8211; Mus\u00e9e des beaux-arts de Toulouse (Toulouse)<\/a>\n    <a href=\"https:\/\/mbarouen.fr\/fr\" target=\"_blank\" rel=\"noopener noreferrer\">Mus\u00e9e des beaux-arts de Rouen (Rouen)<\/a>\n    <a href=\"http:\/\/museedentelle.cu-alencon.fr\/\" target=\"_blank\" rel=\"noopener noreferrer\">Mus\u00e9e des beaux-arts et de la dentelle (Alen\u00e7on)<\/a>\n    <a href=\"http:\/\/domaine-de-sceaux.hauts-de-seine.fr\/\" target=\"_blank\" rel=\"noopener noreferrer\">Mus\u00e9e du Domaine d\u00e9partemental de Sceaux (Sceaux)<\/a>\n    <a href=\"https:\/\/museefabre.montpellier3m.fr\/\" target=\"_blank\" rel=\"noopener noreferrer\">Mus\u00e9e Fabre de Montpellier M\u00e9diterran\u00e9e M\u00e9tropole (Montpellier)<\/a>\n    <a href=\"http:\/\/www.museegranet-aixenprovence.fr\/nc\/accueil.html\" target=\"_blank\" rel=\"noopener noreferrer\">Mus\u00e9e Granet (Aix-en-Provence)<\/a>\n    <a href=\"http:\/\/musee-paul-dini.com\/\" target=\"_blank\" rel=\"noopener noreferrer\">Mus\u00e9e municipal Paul-Dini (Villefranche-sur-Sa\u00f4ne)<\/a>\n    <a href=\"http:\/\/museepaulvalery-sete.fr\/\" target=\"_blank\" rel=\"noopener noreferrer\">Mus\u00e9e Paul Val\u00e9ry (S\u00e8te)<\/a>\n    <a href=\"https:\/\/www.antibes-juanlespins.com\/culture\/musee-picasso\" target=\"_blank\" rel=\"noopener noreferrer\">Mus\u00e9e Picasso (Antibes)<\/a>\n    <a href=\"https:\/\/ville-evian.fr\/fr\/palais-lumiere\" target=\"_blank\" rel=\"noopener noreferrer\">Palais Lumi\u00e8re (\u00c9vian)<\/a>\n    <a href=\"https:\/\/www.reims.fr\/\" target=\"_blank\" rel=\"noopener noreferrer\">Ville de Reims (Reims)<\/a>\n    <a href=\"https:\/\/www.saint-flour.net\/\" target=\"_blank\" rel=\"noopener noreferrer\">Ville de Saint-Flour (Saint-Flour)<\/a>\n<h2>\n\t\t\tA l&#8217;\u00e9tranger\t<\/h2>\n    <a href=\"https:\/\/www.barbican.org.uk\/\" target=\"_blank\" rel=\"noopener noreferrer\">Barbican Center (Londres, Royaume-Uni)<\/a>\n    <a href=\"http:\/\/kochar.am\/\" target=\"_blank\" rel=\"noopener noreferrer\">Ervand Kochar Museum (Erevan, Arm\u00e9nie)<\/a>\n    <a href=\"https:\/\/www.fondationbeyeler.ch\" target=\"_blank\" rel=\"noopener noreferrer\">Fondation Beyeler (B\u00e2le, Suisse)<\/a>\n    <a href=\"http:\/\/www.gianadda.ch\/\" target=\"_blank\" rel=\"noopener noreferrer\">Fondation Pierre Gianadda (Martigny, Suisse)<\/a>\n    <a href=\"https:\/\/www.dortmund.de\/de\/freizeit_und_kultur\/museen\/museum_ostwall\/freunde_mo\/index.html\" target=\"_blank\" rel=\"noopener noreferrer\">Freunde des Museums am Ostwall (Dortmund, Allemagne)<\/a>\n    <a href=\"https:\/\/www.centrobotin.org\/fr\/le-centre-botin\/la-fundacion-botin\/\" target=\"_blank\" rel=\"noopener noreferrer\">Fundaci\u00f3n Marcelino Bot\u00edn (Santander, Espagne)<\/a>\n    <a href=\"https:\/\/museoph.org\/\" target=\"_blank\" rel=\"noopener noreferrer\">Fundaci\u00f3n Patio Herreriano (Valladolid, Espagne)<\/a>\n    Kuang Hong Arts Managements Company (Chine)\n    <a href=\"https:\/\/www.fundacionmapfre.org\/fundacion\/es_es\/\" target=\"_blank\" rel=\"noopener noreferrer\">Fundaci\u00f3n MAPFRE \u00c1rea de Cultura (Madrid, Espagne)<\/a>\n    <a href=\"\/\/marta-herford.de\" target=\"_blank\" rel=\"noopener noreferrer\">Marta Herford Museum (Herford, Allemagne)<\/a>\n    <a href=\"https:\/\/pushkinmuseum.art\/\" target=\"_blank\" rel=\"noopener noreferrer\">Mus\u00e9e national des beaux-arts Pouchkine (Moscou, Russie)<\/a>\n    <a href=\"https:\/\/www.mamco.ch\/fr\" target=\"_blank\" rel=\"noopener noreferrer\">MAMCO &#8211; Mus\u00e9e d&#8217;art moderne et contemporain (Gen\u00e8ve, Suisse)<\/a>\n    <a href=\"http:\/\/www.mar.ra.it\/ita\/Home\" target=\"_blank\" rel=\"noopener noreferrer\">Museo d&#8217;Arte della citt\u00e0 di Ravenna (Italie)<\/a>\n    <a href=\"https:\/\/www.museoreinasofia.es\/\" target=\"_blank\" rel=\"noopener noreferrer\">Museo Nacional Centro de Arte Reina Sof\u00eda (Madrid, Espagne)<\/a>\n    <a href=\"http:\/\/www.munal.mx\" target=\"_blank\" rel=\"noopener noreferrer\">Museo Nacional de Arte (Mexico, Mexique)<\/a>\n    <a href=\"http:\/\/mnav.gub.uy\/cms.php\" target=\"_blank\" rel=\"noopener noreferrer\">Museo Nacional de Artes Visuales &#8211; MNAV (Montevideo, Uruguay)<\/a>\n    <a href=\"https:\/\/www.museothyssen.org\/\" target=\"_blank\" rel=\"noopener noreferrer\">Museo Nacional Thyssen-Bornemisza (Madrid, Espagne)<\/a>\n    <a href=\"https:\/\/www.museopicassomalaga.org\/\" target=\"_blank\" rel=\"noopener noreferrer\">Museo Picasso M\u00e1laga (Malaga, Espagne)<\/a>\n    <a href=\"http:\/\/www.museupicasso.bcn.cat\/\" target=\"_blank\" rel=\"noopener noreferrer\">Museu Picasso Barcelona (Barcelone, Espagne)<\/a>\n    <a href=\"http:\/\/www.palazzoducale.genova.it\" target=\"_blank\" rel=\"noopener noreferrer\">Palazzo Ducale Fondazione per la Cultura (G\u00eanes, Italie)<\/a>\n    <a href=\"http:\/\/pinacoteca.org.br\/\" target=\"_blank\" rel=\"noopener noreferrer\">Pinacoteca do Estado de S\u00e3o Paulo (Br\u00e9sil)<\/a>\n    <a href=\"https:\/\/www.stedelijk.nl\" target=\"_blank\" rel=\"noopener noreferrer\">Stedelijk Museum Amsterdam (Pays-Bas)<\/a>\n    <a href=\"https:\/\/sursock.museum\/\" target=\"_blank\" rel=\"noopener noreferrer\">Sursock Museum (Beyrouth, Liban)<\/a>\n    <a href=\"https:\/\/www.tate.org.uk\/visit\/tate-britain\" target=\"_blank\" rel=\"noopener noreferrer\">Tate Britain (Royaume-Uni)<\/a>\n    <a href=\"https:\/\/www.tate.org.uk\/visit\/tate-liverpool\" target=\"_blank\" rel=\"noopener noreferrer\">Tate Liverpool (Royaume-Uni)<\/a>\n    <a href=\"https:\/\/www.tate.org.uk\/visit\/tate-modern\" target=\"_blank\" rel=\"noopener noreferrer\">Tate Modern (Royaume-Uni)<\/a>\n    <a href=\"http:\/\/barber.org.uk\/\" target=\"_blank\" rel=\"noopener noreferrer\">The Barber Institute of Fine Arts (Birmingham, Royaume-Uni)<\/a>\n    <a href=\"http:\/\/ucca.org.cn\/\" target=\"_blank\" rel=\"noopener noreferrer\">Ullens Center for Contemporary Art &#8211; UCCA (Beijing, Chine)<\/a>\n    <a href=\"https:\/\/www.birmingham.ac.uk\/university\/index.aspx\" target=\"_blank\" rel=\"noopener noreferrer\">Universit\u00e9 de Birmingham (Royaume-Uni)<\/a>\n    <a href=\"https:\/\/whitney.org\/\" target=\"_blank\" rel=\"noopener noreferrer\">Whitney Museum of American Art (New York, \u00c9tats-Unis)<\/a>\n    Yomiuri Shimbun (Japon)\n<h3>\n\t\t\tCollectionneurs priv\u00e9s\t<\/h3>\n\t<p>Je travaille avec de nombreux collectionneurs priv\u00e9s avec lesquels, d\u00e9ontologiquement, un accord de confidentialit\u00e9, quant \u00e0 leurs \u0153uvres et leurs localisations, s&#8217;impose bien \u00e9videmment.<\/p>\n<h3>\n\t\t\tTableaux modernes et contemporains\t<\/h3>\n        Gilles Aillaud \u2022\n        Edmund Alleyn \u2022\n        Ghada Amer \u2022\n        Arezki-Aoun \u2022\n        Art&#038;Language \u2022\n        Bernard Aubertin \u2022\n        Jo Baer \u2022\n        Balthus \u2022\n        Jean-Michel Basquiat \u2022\n        Jean Bazaine \u2022\n        Francis Bacon \u2022\n        Claude Bellegarde \u2022\n        Yves B\u00e9lorgey \u2022\n        Ben \u2022\n        Fr\u00e9d\u00e9ric Benrath \u2022\n        Carole Benzaken \u2022\n        Pierre Bonnard \u2022\n        Georges Braque \u2022\n        Daniel Buren \u2022\n        Huguette Caland \u2022\n        Paul C\u00e9zanne \u2022\n        Marc Chagall \u2022\n        Gaston Chaissac \u2022\n        Pierre Charbonnier \u2022\n        Giorgio de Chirico \u2022\n        Philippe Cogn\u00e9e \u2022\n        Robert Combas \u2022\n        Olivier Debr\u00e9 \u2022\n        Philippe Decrauzat \u2022\n        Jean Degottex \u2022\n        Robert Delaunay \u2022\n        Sonia Delaunay \u2022\n        Andr\u00e9 Derain \u2022\n        Roger Deverin \u2022\n        Georges Dorignac \u2022\n        Kees van Dongen \u2022\n        Jean Dubuffet \u2022\n        Raoul Dufy \u2022\n        Max Ernst \u2022\n        Err\u00f3 \u2022\n        Sylvie Fajfrowska \u2022\n        Jean Fautrier \u2022\n        Rainer Fetting \u2022\n        Georges Folmer \u2022\n        L\u00e9onard Foujita \u2022\n        Bernard Frize \u2022\n        General Idea \u2022\n        G\u00e9rard Fromanger \u2022\n        G\u00e9rard Gasiorowski \u2022\n        Ren\u00e9 Genis \u2022\n        Alberto Giacometti \u2022\n        Kees de Goede \u2022\n        Nathalie Gontcharova \u2022\n        Arshile Gorky \u2022\n        Juan Gris \u2022\n        Simon Hanta\u00ef \u2022\n        Raymond Hains \u2022\n        Keith Haring \u2022\n        Eberhart Havekost \u2022\n        Thomas Hirschhorn \u2022\n        David Hockney \u2022\n        Gottfried Honegger \u2022\n        Jean Olivier Hucleux \u2022\n        Christian Jaccard \u2022\n        Bernard Joisten \u2022\n        Asger Jorn \u2022\n        Vassily Kandinsky \u2022\n        Yves Klein \u2022\n        Per Kirkeby \u2022\n        Yayoi Kusama \u2022\n        Franti\u0161ek Kupka \u2022\n        Wifredo Lam \u2022\n        Katinka Lampe \u2022\n        Charles Lapicque \u2022\n        Michel Larionov \u2022\n        Fernand L\u00e9ger \u2022\n        Tamara de Lempicka \u2022\n        Eug\u00e8ne Leroy \u2022\n        Roy Lichtenstein\n        Alberto Magnelli \u2022\n        Alfred Manessier \u2022\n        Brice Marden \u2022\n        Albert Marquet \u2022\n        Andr\u00e9 Masson \u2022\n        Georges Mathieu \u2022\n        Henri Matisse \u2022\n        Roberto Matta \u2022\n        Lisa Milroy \u2022\n        Joan Mir\u00f3 \u2022\n        Joan Mitchell \u2022\n        Amedeo Modigliani \u2022\n        Jacques Monory \u2022\n        Tania Mouraud \u2022\n        Fran\u00e7ois Morellet \u2022\n        Malcolm Morley \u2022\n        Richard Mortensen \u2022\n        Olivier Mosset \u2022\n        Robert Motherwell \u2022\n        Aur\u00e9lie Nemours \u2022\n        Yves Oppenheim \u2022\n        Manuel Ortiz de Z\u00e1rate \u2022\n        Jack Ottaviano \u2022\n        Am\u00e9d\u00e9e Ozenfant \u2022\n        V\u00e9ra Pagava \u2022\n        Francis Picabia \u2022\n        Pablo Picasso \u2022\n        Edouard Pignon \u2022\n        Serge Poliakoff \u2022\n        Jackson Pollock \u2022\n        Maurice-Georges Poncelet \u2022\n        Mario Prassinos \u2022\n        Martial Raysse \u2022\n        Man Ray \u2022\n        Judith Reigl \u2022\n        Gerhard Richter \u2022\n        Jean-Paul Riopelle \u2022\n        Georges Rouault \u2022\n        Guy de Rougemont \u2022\n        Herv\u00e9 Di Rosa \u2022\n        Ralph Rumney \u2022\n        Antonio Saura \u2022\n        Otto Schauer \u2022\n        G\u00e9rard Schlosser \u2022\n        Gino S\u00e9verini \u2022\n        Pierre Soulages \u2022\n        Nicolas de Sta\u00ebl \u2022\n        Peter St\u00e4mpfli \u2022\n        Henryk Stazewski \u2022\n        Frank Stella \u2022\n        Kumi Suga\u00ef \u2022\n        Rabindranath Tagore \u2022\n        Antoni T\u00e0pies \u2022\n        Djamel Tatah \u2022\n        Tilt \u2022\n        Agn\u00e8s Thurnauer \u2022\n        Niele Toroni \u2022\n        Luc Tuymans \u2022\n        Lee Ufan \u2022\n        Piotr Ukla\u0144ski \u2022\n        Suzanne Valadon \u2022\n        Victor Vasarely \u2022\n        Fabienne Verdier \u2022\n        Claude Viallat \u2022\n        Maria Helena Vieira da Silva \u2022\n        Maurice de Vlaminck \u2022\n        Cao \u0110\u00e0m V\u0169 \u2022\n        Andy Warhol \u2022\n        Zao Wou-Ki \u2022\n        Pei-Ming Yan \u2022\n        Tsuyoshi Yayanagi\n<h3>\n\t\t\tSculptures \/ Installations\t<\/h3>\n        Arman \u2022 \n        Richard Artschwager \u2022 \n        Matthew Barney \u2022 \n        Alexander Calder \u2022 \n        Fran\u00e7ois Curlet \u2022 \n        Cao Fei \u2022 \n        Jan Fabre \u2022 \n        Yves Klein \u2022 \n        Laura Lamiel \u2022 \n        Richard Long \u2022 \n        Takashi Murakami \u2022 \n        Niki de Saint-Phalle \u2022 \n        Richard Serra \u2022 \n        Jes\u00fas-Rafael Soto \u2022 \n        Daniel Spoerri \u2022 \n        Bernar Venet \u2022 \n        Gilberto Zorio\n<h3>\n\t\t\tMais aussi&#8230;\t<\/h3>\n        L\u00e9on Bakst \u2022 \n        Maurice Chabas \u2022 \n        L\u00e9on Cogniet \u2022 \n        Gustave Courbet \u2022 \n        Fran\u00e7ois-Hyppolite Debon \u2022 \n        Eug\u00e8ne Delacroix \u2022 \n        Victor Hugo \u2022 \n        Eug\u00e8ne Lacoste \u2022 \n        Henri Lebasque \u2022 \n        Dirck van der Lisse \u2022 \n        Georges Manzana-Pissarro \u2022 \n        Victor Marenc \u2022 \n        Paul Mathey \u2022 \n        Adolphe Monticelli \u2022 \n        Pierre et Gilles \u2022 \n        Hubert Robert \u2022 \n        Tony Robert-Fleury \u2022 \n        Ary Scheffer \u2022 \n        Oskar Schlemmer\n\n","protected":false},"excerpt":{"rendered":"<p>Une client\u00e8le en France et \u00e0 l&#8217;\u00e9tranger R\u00e9f\u00e9rences Mes comp\u00e9tences ont d\u00e9j\u00e0 \u00e9t\u00e9 sollicit\u00e9es par\/pour : Institutions publiques et priv\u00e9es \u00c0 Paris &#038; en Ile-de-France Centre des Monuments Nationaux (CMN) Centre National des Arts Plastiques (CNAP) Fondation Cartier pour l&#8217;Art Contemporain Fonds d&#8217;Art Contemporain de la ville de Paris &#8211; Paris Collection Galerie Emmanuel Perrotin &#8230; <a title=\"References\" class=\"read-more\" href=\"https:\/\/pascaleaccoyer.com\/en\/references\/\" aria-label=\"Read more about References\">Read more<\/a><\/p>\n","protected":false},"author":1,"featured_media":0,"parent":0,"menu_order":0,"comment_status":"closed","ping_status":"closed","template":"","meta":{"footnotes":""},"class_list":["post-192","page","type-page","status-publish"],"_links":{"self":[{"href":"https:\/\/pascaleaccoyer.com\/en\/wp-json\/wp\/v2\/pages\/192","targetHints":{"allow":["GET"]}}],"collection":[{"href":"https:\/\/pascaleaccoyer.com\/en\/wp-json\/wp\/v2\/pages"}],"about":[{"href":"https:\/\/pascaleaccoyer.com\/en\/wp-json\/wp\/v2\/types\/page"}],"author":[{"embeddable":true,"href":"https:\/\/pascaleaccoyer.com\/en\/wp-json\/wp\/v2\/users\/1"}],"replies":[{"embeddable":true,"href":"https:\/\/pascaleaccoyer.com\/en\/wp-json\/wp\/v2\/comments?post=192"}],"version-history":[{"count":1,"href":"https:\/\/pascaleaccoyer.com\/en\/wp-json\/wp\/v2\/pages\/192\/revisions"}],"predecessor-version":[{"id":284,"href":"https:\/\/pascaleaccoyer.com\/en\/wp-json\/wp\/v2\/pages\/192\/revisions\/284"}],"wp:attachment":[{"href":"https:\/\/pascaleaccoyer.com\/en\/wp-json\/wp\/v2\/media?parent=192"}],"curies":[{"name":"wp","href":"https:\/\/api.w.org\/{rel}","templated":true}]}}